{"id":1564,"date":"2024-09-25T08:32:25","date_gmt":"2024-09-25T08:32:25","guid":{"rendered":"https:\/\/gatesofolympus77.com\/?page_id=1564"},"modified":"2024-09-25T08:36:20","modified_gmt":"2024-09-25T08:36:20","slug":"privacy-policy","status":"publish","type":"page","link":"https:\/\/gatesofolympus77.com\/pt\/privacy-policy\/","title":{"rendered":"pol\u00edtica de Privacidade"},"content":{"rendered":"<div data-elementor-type=\"wp-page\" data-elementor-id=\"1564\" class=\"elementor elementor-1564\">\n\t\t\t\t<div class=\"elementor-element elementor-element-f669663 e-flex e-con-boxed e-con e-parent\" data-id=\"f669663\" data-element_type=\"container\" data-e-type=\"container\">\n\t\t\t\t\t<div class=\"e-con-inner\">\n\t\t\t\t<div class=\"elementor-element elementor-element-eacec5d elementor-widget elementor-widget-heading\" data-id=\"eacec5d\" data-element_type=\"widget\" data-e-type=\"widget\" data-widget_type=\"heading.default\">\n\t\t\t\t<div class=\"elementor-widget-container\">\n\t\t\t\t\t<h1 class=\"elementor-heading-title elementor-size-default\">pol\u00edtica de Privacidade<\/h1>\t\t\t\t<\/div>\n\t\t\t\t<\/div>\n\t\t\t\t<div class=\"elementor-element elementor-element-8b2b312 elementor-widget__width-initial elementor-widget elementor-widget-text-editor\" data-id=\"8b2b312\" data-element_type=\"widget\" data-e-type=\"widget\" data-widget_type=\"text-editor.default\">\n\t\t\t\t<div class=\"elementor-widget-container\">\n\t\t\t\t\t\t\t\t\t<p><span data-sheets-root=\"1\">Na GatesofOlympus77.com, estamos profundamente comprometidos em proteger sua privacidade. Entendemos a import\u00e2ncia de proteger seus dados pessoais e garantir que eles permane\u00e7am confidenciais. Se voc\u00ea tiver alguma preocupa\u00e7\u00e3o ou precisar de esclarecimentos sobre como gerenciamos suas informa\u00e7\u00f5es, sinta-se \u00e0 vontade para entrar em contato conosco em support@gatesofolympus77.com.<\/span><\/p>\t\t\t\t\t\t\t\t<\/div>\n\t\t\t\t<\/div>\n\t\t\t\t\t<\/div>\n\t\t\t\t<\/div>\n\t\t<div class=\"elementor-element elementor-element-cc6b1ec e-flex e-con-boxed e-con e-parent\" data-id=\"cc6b1ec\" data-element_type=\"container\" data-e-type=\"container\">\n\t\t\t\t\t<div class=\"e-con-inner\">\n\t\t\t\t<div class=\"elementor-element elementor-element-ce75b0d elementor-widget elementor-widget-heading\" data-id=\"ce75b0d\" data-element_type=\"widget\" data-e-type=\"widget\" data-widget_type=\"heading.default\">\n\t\t\t\t<div class=\"elementor-widget-container\">\n\t\t\t\t\t<h2 class=\"elementor-heading-title elementor-size-default\">Informa\u00e7\u00f5es que coletamos e por qu\u00ea<\/h2>\t\t\t\t<\/div>\n\t\t\t\t<\/div>\n\t\t\t\t<div class=\"elementor-element elementor-element-6c47559 elementor-widget__width-initial elementor-widget elementor-widget-text-editor\" data-id=\"6c47559\" data-element_type=\"widget\" data-e-type=\"widget\" data-widget_type=\"text-editor.default\">\n\t\t\t\t<div class=\"elementor-widget-container\">\n\t\t\t\t\t\t\t\t\t<p><span data-sheets-root=\"1\">Quando voc\u00ea usa nosso site, certos dados s\u00e3o coletados para melhorar sua experi\u00eancia. Aqui est\u00e1 uma vis\u00e3o geral:<\/span><\/p>\t\t\t\t\t\t\t\t<\/div>\n\t\t\t\t<\/div>\n\t\t\t\t\t<\/div>\n\t\t\t\t<\/div>\n\t\t<div class=\"elementor-element elementor-element-1336d9b e-flex e-con-boxed e-con e-parent\" data-id=\"1336d9b\" data-element_type=\"container\" data-e-type=\"container\">\n\t\t\t\t\t<div class=\"e-con-inner\">\n\t\t\t\t<div class=\"elementor-element elementor-element-5012a5c elementor-widget elementor-widget-heading\" data-id=\"5012a5c\" data-element_type=\"widget\" data-e-type=\"widget\" data-widget_type=\"heading.default\">\n\t\t\t\t<div class=\"elementor-widget-container\">\n\t\t\t\t\t<h3 class=\"elementor-heading-title elementor-size-default\">Dados pessoais<\/h3>\t\t\t\t<\/div>\n\t\t\t\t<\/div>\n\t\t\t\t<div class=\"elementor-element elementor-element-d0abf92 elementor-widget__width-initial elementor-widget elementor-widget-text-editor\" data-id=\"d0abf92\" data-element_type=\"widget\" data-e-type=\"widget\" data-widget_type=\"text-editor.default\">\n\t\t\t\t<div class=\"elementor-widget-container\">\n\t\t\t\t\t\t\t\t\t<p><span data-sheets-root=\"1\">Informa\u00e7\u00f5es de e-mail: quando voc\u00ea assina nossa newsletter, solicitamos seu endere\u00e7o de e-mail para mant\u00ea-lo informado.<br \/>Feedback do usu\u00e1rio: suas avalia\u00e7\u00f5es, coment\u00e1rios e sugest\u00f5es nos permitem melhorar continuamente nossos servi\u00e7os e ofertas.<\/span><\/p>\t\t\t\t\t\t\t\t<\/div>\n\t\t\t\t<\/div>\n\t\t\t\t\t<\/div>\n\t\t\t\t<\/div>\n\t\t<div class=\"elementor-element elementor-element-f4822c6 e-flex e-con-boxed e-con e-parent\" data-id=\"f4822c6\" data-element_type=\"container\" data-e-type=\"container\">\n\t\t\t\t\t<div class=\"e-con-inner\">\n\t\t\t\t<div class=\"elementor-element elementor-element-53c7613 elementor-widget elementor-widget-heading\" data-id=\"53c7613\" data-element_type=\"widget\" data-e-type=\"widget\" data-widget_type=\"heading.default\">\n\t\t\t\t<div class=\"elementor-widget-container\">\n\t\t\t\t\t<h3 class=\"elementor-heading-title elementor-size-default\">Dados t\u00e9cnicos<\/h3>\t\t\t\t<\/div>\n\t\t\t\t<\/div>\n\t\t\t\t<div class=\"elementor-element elementor-element-00de054 elementor-widget__width-initial elementor-widget elementor-widget-text-editor\" data-id=\"00de054\" data-element_type=\"widget\" data-e-type=\"widget\" data-widget_type=\"text-editor.default\">\n\t\t\t\t<div class=\"elementor-widget-container\">\n\t\t\t\t\t\t\t\t\t<p><span data-sheets-root=\"1\">Detalhes de navega\u00e7\u00e3o: isso inclui dados como seu endere\u00e7o IP, o tipo de navegador que voc\u00ea usa, p\u00e1ginas visitadas e tempo gasto no site.<br \/>Cookies e arquivos de rastreamento: esses pequenos peda\u00e7os de dados nos ajudam a armazenar suas prefer\u00eancias e avaliar o desempenho do nosso site.<\/span><\/p>\t\t\t\t\t\t\t\t<\/div>\n\t\t\t\t<\/div>\n\t\t\t\t\t<\/div>\n\t\t\t\t<\/div>\n\t\t<div class=\"elementor-element elementor-element-db65f66 e-flex e-con-boxed e-con e-parent\" data-id=\"db65f66\" data-element_type=\"container\" data-e-type=\"container\">\n\t\t\t\t\t<div class=\"e-con-inner\">\n\t\t\t\t<div class=\"elementor-element elementor-element-b1e23b0 elementor-widget elementor-widget-heading\" data-id=\"b1e23b0\" data-element_type=\"widget\" data-e-type=\"widget\" data-widget_type=\"heading.default\">\n\t\t\t\t<div class=\"elementor-widget-container\">\n\t\t\t\t\t<h2 class=\"elementor-heading-title elementor-size-default\">Como utilizamos seus dados<\/h2>\t\t\t\t<\/div>\n\t\t\t\t<\/div>\n\t\t\t\t<div class=\"elementor-element elementor-element-aa2f6f8 elementor-widget__width-initial elementor-widget elementor-widget-text-editor\" data-id=\"aa2f6f8\" data-element_type=\"widget\" data-e-type=\"widget\" data-widget_type=\"text-editor.default\">\n\t\t\t\t<div class=\"elementor-widget-container\">\n\t\t\t\t\t\t\t\t\t<p><span data-sheets-root=\"1\">As informa\u00e7\u00f5es que coletamos s\u00e3o usadas de diversas maneiras para melhorar e personalizar sua experi\u00eancia:<br \/><br \/>Otimizando o desempenho do site: garantindo que nossa plataforma funcione sem problemas e forne\u00e7a conte\u00fado relevante para voc\u00ea.<br \/>Personaliza\u00e7\u00e3o: suas intera\u00e7\u00f5es no site nos ajudam a personalizar o conte\u00fado e os servi\u00e7os para melhor atender \u00e0s suas necessidades.<br \/>An\u00e1lise de uso: monitorar como os usu\u00e1rios navegam em nosso site nos ajuda a melhorar sua estrutura e usabilidade.<br \/>Novos recursos e servi\u00e7os: seu feedback impulsiona o desenvolvimento de novas ferramentas e melhorias no site.<br \/>Comunica\u00e7\u00f5es: De tempos em tempos, podemos enviar atualiza\u00e7\u00f5es ou informa\u00e7\u00f5es que podem ser do seu interesse.<br \/>Seguran\u00e7a: Atividade de monitoramento para detectar e prevenir fraudes ou acessos n\u00e3o autorizados, garantindo um ambiente seguro para os usu\u00e1rios.<\/span><\/p>\t\t\t\t\t\t\t\t<\/div>\n\t\t\t\t<\/div>\n\t\t\t\t\t<\/div>\n\t\t\t\t<\/div>\n\t\t<div class=\"elementor-element elementor-element-01c333d e-flex e-con-boxed e-con e-parent\" data-id=\"01c333d\" data-element_type=\"container\" data-e-type=\"container\">\n\t\t\t\t\t<div class=\"e-con-inner\">\n\t\t\t\t<div class=\"elementor-element elementor-element-7da1507 elementor-widget elementor-widget-heading\" data-id=\"7da1507\" data-element_type=\"widget\" data-e-type=\"widget\" data-widget_type=\"heading.default\">\n\t\t\t\t<div class=\"elementor-widget-container\">\n\t\t\t\t\t<h2 class=\"elementor-heading-title elementor-size-default\">Compartilhando seus dados<\/h2>\t\t\t\t<\/div>\n\t\t\t\t<\/div>\n\t\t\t\t<div class=\"elementor-element elementor-element-99443dc elementor-widget__width-initial elementor-widget elementor-widget-text-editor\" data-id=\"99443dc\" data-element_type=\"widget\" data-e-type=\"widget\" data-widget_type=\"text-editor.default\">\n\t\t\t\t<div class=\"elementor-widget-container\">\n\t\t\t\t\t\t\t\t\t<p><span data-sheets-root=\"1\">N\u00f3s apenas compartilhamos suas informa\u00e7\u00f5es pessoais em situa\u00e7\u00f5es limitadas, como:<br \/><br \/>Provedores de servi\u00e7os terceirizados: podemos colaborar com parceiros externos para ajudar a operar o site, e eles podem exigir acesso a determinados dados para executar essas fun\u00e7\u00f5es.<br \/>Mudan\u00e7as nos neg\u00f3cios: se nossa empresa passar por uma fus\u00e3o, aquisi\u00e7\u00e3o ou outras mudan\u00e7as estruturais, seus dados poder\u00e3o fazer parte dos ativos transferidos.<br \/>Parcerias: Em alguns casos, podemos fazer parcerias com terceiros para oferecer servi\u00e7os ou promo\u00e7\u00f5es adicionais, exigindo o compartilhamento de dados necess\u00e1rios.<br \/>Com sua permiss\u00e3o: qualquer outro compartilhamento de suas informa\u00e7\u00f5es ocorrer\u00e1 somente com seu consentimento expl\u00edcito.<\/span><\/p>\t\t\t\t\t\t\t\t<\/div>\n\t\t\t\t<\/div>\n\t\t\t\t\t<\/div>\n\t\t\t\t<\/div>\n\t\t<div class=\"elementor-element elementor-element-5229462 e-flex e-con-boxed e-con e-parent\" data-id=\"5229462\" data-element_type=\"container\" data-e-type=\"container\">\n\t\t\t\t\t<div class=\"e-con-inner\">\n\t\t\t\t<div class=\"elementor-element elementor-element-737b49f elementor-widget elementor-widget-heading\" data-id=\"737b49f\" data-element_type=\"widget\" data-e-type=\"widget\" data-widget_type=\"heading.default\">\n\t\t\t\t<div class=\"elementor-widget-container\">\n\t\t\t\t\t<h2 class=\"elementor-heading-title elementor-size-default\">Seguran\u00e7a de Dados<\/h2>\t\t\t\t<\/div>\n\t\t\t\t<\/div>\n\t\t\t\t<div class=\"elementor-element elementor-element-edb8bf9 elementor-widget__width-initial elementor-widget elementor-widget-text-editor\" data-id=\"edb8bf9\" data-element_type=\"widget\" data-e-type=\"widget\" data-widget_type=\"text-editor.default\">\n\t\t\t\t<div class=\"elementor-widget-container\">\n\t\t\t\t\t\t\t\t\t<p><span data-sheets-root=\"1\">Tomamos as precau\u00e7\u00f5es necess\u00e1rias para proteger suas informa\u00e7\u00f5es pessoais, mas \u00e9 importante lembrar que nenhum m\u00e9todo de transmiss\u00e3o online \u00e9 totalmente seguro. Fazemos o melhor para proteger seus dados, mas n\u00e3o podemos garantir seguran\u00e7a absoluta.<\/span><\/p>\t\t\t\t\t\t\t\t<\/div>\n\t\t\t\t<\/div>\n\t\t\t\t\t<\/div>\n\t\t\t\t<\/div>\n\t\t<div class=\"elementor-element elementor-element-a3781b4 e-flex e-con-boxed e-con e-parent\" data-id=\"a3781b4\" data-element_type=\"container\" data-e-type=\"container\">\n\t\t\t\t\t<div class=\"e-con-inner\">\n\t\t\t\t<div class=\"elementor-element elementor-element-e2e3e15 elementor-widget elementor-widget-heading\" data-id=\"e2e3e15\" data-element_type=\"widget\" data-e-type=\"widget\" data-widget_type=\"heading.default\">\n\t\t\t\t<div class=\"elementor-widget-container\">\n\t\t\t\t\t<h2 class=\"elementor-heading-title elementor-size-default\">Seus direitos em rela\u00e7\u00e3o aos seus dados<\/h2>\t\t\t\t<\/div>\n\t\t\t\t<\/div>\n\t\t\t\t<div class=\"elementor-element elementor-element-4e3fdbe elementor-widget__width-initial elementor-widget elementor-widget-text-editor\" data-id=\"4e3fdbe\" data-element_type=\"widget\" data-e-type=\"widget\" data-widget_type=\"text-editor.default\">\n\t\t\t\t<div class=\"elementor-widget-container\">\n\t\t\t\t\t\t\t\t\t<p><span data-sheets-root=\"1\">Dependendo da sua localiza\u00e7\u00e3o, especialmente se voc\u00ea reside na \u00c1rea Econ\u00f4mica Europeia (EEA), voc\u00ea pode ter direitos em rela\u00e7\u00e3o aos seus dados pessoais. Sinta-se \u00e0 vontade para entrar em contato conosco para acessar, modificar ou solicitar a exclus\u00e3o de suas informa\u00e7\u00f5es.<\/span><\/p>\t\t\t\t\t\t\t\t<\/div>\n\t\t\t\t<\/div>\n\t\t\t\t\t<\/div>\n\t\t\t\t<\/div>\n\t\t<div class=\"elementor-element elementor-element-1e32677 e-flex e-con-boxed e-con e-parent\" data-id=\"1e32677\" data-element_type=\"container\" data-e-type=\"container\">\n\t\t\t\t\t<div class=\"e-con-inner\">\n\t\t\t\t<div class=\"elementor-element elementor-element-119495c elementor-widget elementor-widget-heading\" data-id=\"119495c\" data-element_type=\"widget\" data-e-type=\"widget\" data-widget_type=\"heading.default\">\n\t\t\t\t<div class=\"elementor-widget-container\">\n\t\t\t\t\t<h2 class=\"elementor-heading-title elementor-size-default\">Links externos<\/h2>\t\t\t\t<\/div>\n\t\t\t\t<\/div>\n\t\t\t\t<div class=\"elementor-element elementor-element-e1839bd elementor-widget__width-initial elementor-widget elementor-widget-text-editor\" data-id=\"e1839bd\" data-element_type=\"widget\" data-e-type=\"widget\" data-widget_type=\"text-editor.default\">\n\t\t\t\t<div class=\"elementor-widget-container\">\n\t\t\t\t\t\t\t\t\t<p><span data-sheets-root=\"1\">GatesofOlympus77.com pode conter links para sites de terceiros que n\u00e3o controlamos. Se voc\u00ea clicar nesses links, ser\u00e1 direcionado para sites externos. Aconselhamos que voc\u00ea revise suas pol\u00edticas de privacidade, pois n\u00e3o somos respons\u00e1veis por suas pr\u00e1ticas ou conte\u00fado.<\/span><\/p>\t\t\t\t\t\t\t\t<\/div>\n\t\t\t\t<\/div>\n\t\t\t\t\t<\/div>\n\t\t\t\t<\/div>\n\t\t<div class=\"elementor-element elementor-element-25b7129 e-flex e-con-boxed e-con e-parent\" data-id=\"25b7129\" data-element_type=\"container\" data-e-type=\"container\">\n\t\t\t\t\t<div class=\"e-con-inner\">\n\t\t\t\t<div class=\"elementor-element elementor-element-8883c64 elementor-widget elementor-widget-heading\" data-id=\"8883c64\" data-element_type=\"widget\" data-e-type=\"widget\" data-widget_type=\"heading.default\">\n\t\t\t\t<div class=\"elementor-widget-container\">\n\t\t\t\t\t<h2 class=\"elementor-heading-title elementor-size-default\">Atualiza\u00e7\u00f5es desta Pol\u00edtica de Privacidade<\/h2>\t\t\t\t<\/div>\n\t\t\t\t<\/div>\n\t\t\t\t<div class=\"elementor-element elementor-element-67e41f9 elementor-widget__width-initial elementor-widget elementor-widget-text-editor\" data-id=\"67e41f9\" data-element_type=\"widget\" data-e-type=\"widget\" data-widget_type=\"text-editor.default\">\n\t\t\t\t<div class=\"elementor-widget-container\">\n\t\t\t\t\t\t\t\t\t<p><span data-sheets-root=\"1\">Podemos atualizar esta pol\u00edtica de privacidade periodicamente. Se forem feitas altera\u00e7\u00f5es, publicaremos a pol\u00edtica revisada aqui e o notificaremos por e-mail ou por meio de um an\u00fancio no site antes que as altera\u00e7\u00f5es entrem em vigor.<\/span><\/p>\t\t\t\t\t\t\t\t<\/div>\n\t\t\t\t<\/div>\n\t\t\t\t\t<\/div>\n\t\t\t\t<\/div>\n\t\t<div class=\"elementor-element elementor-element-878c95e e-flex e-con-boxed e-con e-parent\" data-id=\"878c95e\" data-element_type=\"container\" data-e-type=\"container\">\n\t\t\t\t\t<div class=\"e-con-inner\">\n\t\t\t\t<div class=\"elementor-element elementor-element-13e6690 elementor-widget elementor-widget-heading\" data-id=\"13e6690\" data-element_type=\"widget\" data-e-type=\"widget\" data-widget_type=\"heading.default\">\n\t\t\t\t<div class=\"elementor-widget-container\">\n\t\t\t\t\t<h2 class=\"elementor-heading-title elementor-size-default\">Contate-nos<\/h2>\t\t\t\t<\/div>\n\t\t\t\t<\/div>\n\t\t\t\t<div class=\"elementor-element elementor-element-1d004b1 elementor-widget__width-initial elementor-widget elementor-widget-text-editor\" data-id=\"1d004b1\" data-element_type=\"widget\" data-e-type=\"widget\" data-widget_type=\"text-editor.default\">\n\t\t\t\t<div class=\"elementor-widget-container\">\n\t\t\t\t\t\t\t\t\t<p><span data-sheets-root=\"1\">Para quaisquer d\u00favidas ou coment\u00e1rios sobre esta Pol\u00edtica de Privacidade, entre em contato conosco pelo e-mail support@gatesofolympus77.com.<\/span><\/p>\t\t\t\t\t\t\t\t<\/div>\n\t\t\t\t<\/div>\n\t\t\t\t\t<\/div>\n\t\t\t\t<\/div>\n\t\t\t\t<\/div>","protected":false},"excerpt":{"rendered":"<p>Privacy Policy At GatesofOlympus77.com, we are deeply committed to protecting your privacy. We understand the importance of safeguarding your personal data and ensuring it remains confidential. If you have any concerns or need clarification regarding how we manage your information, please feel free to contact us at support@gatesofolympus77.com. Information We Gather and Why When you [&hellip;]<\/p>","protected":false},"author":1,"featured_media":1485,"parent":0,"menu_order":0,"comment_status":"closed","ping_status":"closed","template":"","meta":{"footnotes":""},"class_list":["post-1564","page","type-page","status-publish","has-post-thumbnail","hentry"],"blocksy_meta":{"has_hero_section":"disabled","styles_descriptor":{"styles":{"desktop":"","tablet":"","mobile":""},"google_fonts":[],"version":6}},"yoast_head":"<!-- This site is optimized with the Yoast SEO plugin v27.5 - https:\/\/yoast.com\/product\/yoast-seo-wordpress\/ -->\n<title>Privacy Policy - Gates of Olympus 77<\/title>\n<meta name=\"robots\" content=\"noindex, follow\" \/>\n<meta property=\"og:locale\" content=\"pt_BR\" \/>\n<meta property=\"og:type\" content=\"article\" \/>\n<meta property=\"og:title\" content=\"Privacy Policy - Gates of Olympus 77\" \/>\n<meta property=\"og:description\" content=\"Privacy Policy At GatesofOlympus77.com, we are deeply committed to protecting your privacy. We understand the importance of safeguarding your personal data and ensuring it remains confidential. If you have any concerns or need clarification regarding how we manage your information, please feel free to contact us at support@gatesofolympus77.com. Information We Gather and Why When you [&hellip;]\" \/>\n<meta property=\"og:url\" content=\"https:\/\/gatesofolympus77.com\/pt\/privacy-policy\/\" \/>\n<meta property=\"og:site_name\" content=\"Gates of Olympus 77\" \/>\n<meta property=\"article:modified_time\" content=\"2024-09-25T08:36:20+00:00\" \/>\n<meta property=\"og:image\" content=\"https:\/\/gatesofolympus77.com\/wp-content\/uploads\/2024\/09\/Gates-of-Olympus-pragmatic-play-1024x1024-1-min.jpg\" \/>\n\t<meta property=\"og:image:width\" content=\"1024\" \/>\n\t<meta property=\"og:image:height\" content=\"1024\" \/>\n\t<meta property=\"og:image:type\" content=\"image\/jpeg\" \/>\n<meta name=\"twitter:card\" content=\"summary_large_image\" \/>\n<meta name=\"twitter:label1\" content=\"Est. tempo de leitura\" \/>\n\t<meta name=\"twitter:data1\" content=\"3 minutos\" \/>\n<script type=\"application\/ld+json\" class=\"yoast-schema-graph\">{\"@context\":\"https:\\\/\\\/schema.org\",\"@graph\":[{\"@type\":\"WebPage\",\"@id\":\"https:\\\/\\\/gatesofolympus77.com\\\/privacy-policy\\\/\",\"url\":\"https:\\\/\\\/gatesofolympus77.com\\\/privacy-policy\\\/\",\"name\":\"Privacy Policy - Gates of Olympus 77\",\"isPartOf\":{\"@id\":\"https:\\\/\\\/gatesofolympus77.com\\\/#website\"},\"primaryImageOfPage\":{\"@id\":\"https:\\\/\\\/gatesofolympus77.com\\\/privacy-policy\\\/#primaryimage\"},\"image\":{\"@id\":\"https:\\\/\\\/gatesofolympus77.com\\\/privacy-policy\\\/#primaryimage\"},\"thumbnailUrl\":\"https:\\\/\\\/gatesofolympus77.com\\\/wp-content\\\/uploads\\\/2024\\\/09\\\/Gates-of-Olympus-pragmatic-play-1024x1024-1-min.jpg\",\"datePublished\":\"2024-09-25T08:32:25+00:00\",\"dateModified\":\"2024-09-25T08:36:20+00:00\",\"breadcrumb\":{\"@id\":\"https:\\\/\\\/gatesofolympus77.com\\\/privacy-policy\\\/#breadcrumb\"},\"inLanguage\":\"pt-BR\",\"potentialAction\":[{\"@type\":\"ReadAction\",\"target\":[\"https:\\\/\\\/gatesofolympus77.com\\\/privacy-policy\\\/\"]}]},{\"@type\":\"ImageObject\",\"inLanguage\":\"pt-BR\",\"@id\":\"https:\\\/\\\/gatesofolympus77.com\\\/privacy-policy\\\/#primaryimage\",\"url\":\"https:\\\/\\\/gatesofolympus77.com\\\/wp-content\\\/uploads\\\/2024\\\/09\\\/Gates-of-Olympus-pragmatic-play-1024x1024-1-min.jpg\",\"contentUrl\":\"https:\\\/\\\/gatesofolympus77.com\\\/wp-content\\\/uploads\\\/2024\\\/09\\\/Gates-of-Olympus-pragmatic-play-1024x1024-1-min.jpg\",\"width\":1024,\"height\":1024},{\"@type\":\"BreadcrumbList\",\"@id\":\"https:\\\/\\\/gatesofolympus77.com\\\/privacy-policy\\\/#breadcrumb\",\"itemListElement\":[{\"@type\":\"ListItem\",\"position\":1,\"name\":\"Home\",\"item\":\"https:\\\/\\\/gatesofolympus77.com\\\/\"},{\"@type\":\"ListItem\",\"position\":2,\"name\":\"Privacy Policy\"}]},{\"@type\":\"WebSite\",\"@id\":\"https:\\\/\\\/gatesofolympus77.com\\\/#website\",\"url\":\"https:\\\/\\\/gatesofolympus77.com\\\/\",\"name\":\"Gates of Olympus 77\",\"description\":\"My WordPress Blog\",\"publisher\":{\"@id\":\"https:\\\/\\\/gatesofolympus77.com\\\/#organization\"},\"potentialAction\":[{\"@type\":\"SearchAction\",\"target\":{\"@type\":\"EntryPoint\",\"urlTemplate\":\"https:\\\/\\\/gatesofolympus77.com\\\/?s={search_term_string}\"},\"query-input\":{\"@type\":\"PropertyValueSpecification\",\"valueRequired\":true,\"valueName\":\"search_term_string\"}}],\"inLanguage\":\"pt-BR\"},{\"@type\":\"Organization\",\"@id\":\"https:\\\/\\\/gatesofolympus77.com\\\/#organization\",\"name\":\"Gates of Olympus 77\",\"url\":\"https:\\\/\\\/gatesofolympus77.com\\\/\",\"logo\":{\"@type\":\"ImageObject\",\"inLanguage\":\"pt-BR\",\"@id\":\"https:\\\/\\\/gatesofolympus77.com\\\/#\\\/schema\\\/logo\\\/image\\\/\",\"url\":\"https:\\\/\\\/gatesofolympus77.com\\\/wp-content\\\/uploads\\\/2024\\\/09\\\/c5dd7ce0-2b9e-41d1-b806-28071ad75f1f-min.png\",\"contentUrl\":\"https:\\\/\\\/gatesofolympus77.com\\\/wp-content\\\/uploads\\\/2024\\\/09\\\/c5dd7ce0-2b9e-41d1-b806-28071ad75f1f-min.png\",\"width\":751,\"height\":409,\"caption\":\"Gates of Olympus 77\"},\"image\":{\"@id\":\"https:\\\/\\\/gatesofolympus77.com\\\/#\\\/schema\\\/logo\\\/image\\\/\"}}]}<\/script>\n<!-- \/ Yoast SEO plugin. -->","yoast_head_json":{"title":"Privacy Policy - Gates of Olympus 77","robots":{"index":"noindex","follow":"follow"},"og_locale":"pt_BR","og_type":"article","og_title":"Privacy Policy - Gates of Olympus 77","og_description":"Privacy Policy At GatesofOlympus77.com, we are deeply committed to protecting your privacy. We understand the importance of safeguarding your personal data and ensuring it remains confidential. If you have any concerns or need clarification regarding how we manage your information, please feel free to contact us at support@gatesofolympus77.com. Information We Gather and Why When you [&hellip;]","og_url":"https:\/\/gatesofolympus77.com\/pt\/privacy-policy\/","og_site_name":"Gates of Olympus 77","article_modified_time":"2024-09-25T08:36:20+00:00","og_image":[{"width":1024,"height":1024,"url":"https:\/\/gatesofolympus77.com\/wp-content\/uploads\/2024\/09\/Gates-of-Olympus-pragmatic-play-1024x1024-1-min.jpg","type":"image\/jpeg"}],"twitter_card":"summary_large_image","twitter_misc":{"Est. tempo de leitura":"3 minutos"},"schema":{"@context":"https:\/\/schema.org","@graph":[{"@type":"WebPage","@id":"https:\/\/gatesofolympus77.com\/privacy-policy\/","url":"https:\/\/gatesofolympus77.com\/privacy-policy\/","name":"Privacy Policy - Gates of Olympus 77","isPartOf":{"@id":"https:\/\/gatesofolympus77.com\/#website"},"primaryImageOfPage":{"@id":"https:\/\/gatesofolympus77.com\/privacy-policy\/#primaryimage"},"image":{"@id":"https:\/\/gatesofolympus77.com\/privacy-policy\/#primaryimage"},"thumbnailUrl":"https:\/\/gatesofolympus77.com\/wp-content\/uploads\/2024\/09\/Gates-of-Olympus-pragmatic-play-1024x1024-1-min.jpg","datePublished":"2024-09-25T08:32:25+00:00","dateModified":"2024-09-25T08:36:20+00:00","breadcrumb":{"@id":"https:\/\/gatesofolympus77.com\/privacy-policy\/#breadcrumb"},"inLanguage":"pt-BR","potentialAction":[{"@type":"ReadAction","target":["https:\/\/gatesofolympus77.com\/privacy-policy\/"]}]},{"@type":"ImageObject","inLanguage":"pt-BR","@id":"https:\/\/gatesofolympus77.com\/privacy-policy\/#primaryimage","url":"https:\/\/gatesofolympus77.com\/wp-content\/uploads\/2024\/09\/Gates-of-Olympus-pragmatic-play-1024x1024-1-min.jpg","contentUrl":"https:\/\/gatesofolympus77.com\/wp-content\/uploads\/2024\/09\/Gates-of-Olympus-pragmatic-play-1024x1024-1-min.jpg","width":1024,"height":1024},{"@type":"BreadcrumbList","@id":"https:\/\/gatesofolympus77.com\/privacy-policy\/#breadcrumb","itemListElement":[{"@type":"ListItem","position":1,"name":"Home","item":"https:\/\/gatesofolympus77.com\/"},{"@type":"ListItem","position":2,"name":"Privacy Policy"}]},{"@type":"WebSite","@id":"https:\/\/gatesofolympus77.com\/#website","url":"https:\/\/gatesofolympus77.com\/","name":"Gates of Olympus 77","description":"My WordPress Blog","publisher":{"@id":"https:\/\/gatesofolympus77.com\/#organization"},"potentialAction":[{"@type":"SearchAction","target":{"@type":"EntryPoint","urlTemplate":"https:\/\/gatesofolympus77.com\/?s={search_term_string}"},"query-input":{"@type":"PropertyValueSpecification","valueRequired":true,"valueName":"search_term_string"}}],"inLanguage":"pt-BR"},{"@type":"Organization","@id":"https:\/\/gatesofolympus77.com\/#organization","name":"Gates of Olympus 77","url":"https:\/\/gatesofolympus77.com\/","logo":{"@type":"ImageObject","inLanguage":"pt-BR","@id":"https:\/\/gatesofolympus77.com\/#\/schema\/logo\/image\/","url":"https:\/\/gatesofolympus77.com\/wp-content\/uploads\/2024\/09\/c5dd7ce0-2b9e-41d1-b806-28071ad75f1f-min.png","contentUrl":"https:\/\/gatesofolympus77.com\/wp-content\/uploads\/2024\/09\/c5dd7ce0-2b9e-41d1-b806-28071ad75f1f-min.png","width":751,"height":409,"caption":"Gates of Olympus 77"},"image":{"@id":"https:\/\/gatesofolympus77.com\/#\/schema\/logo\/image\/"}}]}},"_links":{"self":[{"href":"https:\/\/gatesofolympus77.com\/pt\/wp-json\/wp\/v2\/pages\/1564","targetHints":{"allow":["GET"]}}],"collection":[{"href":"https:\/\/gatesofolympus77.com\/pt\/wp-json\/wp\/v2\/pages"}],"about":[{"href":"https:\/\/gatesofolympus77.com\/pt\/wp-json\/wp\/v2\/types\/page"}],"author":[{"embeddable":true,"href":"https:\/\/gatesofolympus77.com\/pt\/wp-json\/wp\/v2\/users\/1"}],"replies":[{"embeddable":true,"href":"https:\/\/gatesofolympus77.com\/pt\/wp-json\/wp\/v2\/comments?post=1564"}],"version-history":[{"count":0,"href":"https:\/\/gatesofolympus77.com\/pt\/wp-json\/wp\/v2\/pages\/1564\/revisions"}],"wp:featuredmedia":[{"embeddable":true,"href":"https:\/\/gatesofolympus77.com\/pt\/wp-json\/wp\/v2\/media\/1485"}],"wp:attachment":[{"href":"https:\/\/gatesofolympus77.com\/pt\/wp-json\/wp\/v2\/media?parent=1564"}],"curies":[{"name":"wp","href":"https:\/\/api.w.org\/{rel}","templated":true}]}}