{"id":1569,"date":"2024-09-25T08:36:56","date_gmt":"2024-09-25T08:36:56","guid":{"rendered":"https:\/\/gatesofolympus77.com\/?page_id=1569"},"modified":"2024-09-25T08:44:30","modified_gmt":"2024-09-25T08:44:30","slug":"contact-us","status":"publish","type":"page","link":"https:\/\/gatesofolympus77.com\/tr\/contact-us\/","title":{"rendered":"Bize Ula\u015f\u0131n"},"content":{"rendered":"<div data-elementor-type=\"wp-page\" data-elementor-id=\"1569\" class=\"elementor elementor-1569\">\n\t\t\t\t<div class=\"elementor-element elementor-element-98501c4 e-flex e-con-boxed e-con e-parent\" data-id=\"98501c4\" data-element_type=\"container\" data-e-type=\"container\">\n\t\t\t\t\t<div class=\"e-con-inner\">\n\t\t\t\t<div class=\"elementor-element elementor-element-44eda7b elementor-widget elementor-widget-heading\" data-id=\"44eda7b\" data-element_type=\"widget\" data-e-type=\"widget\" data-widget_type=\"heading.default\">\n\t\t\t\t<div class=\"elementor-widget-container\">\n\t\t\t\t\t<h1 class=\"elementor-heading-title elementor-size-default\">\u0130leti\u015fime Ge\u00e7in<\/h1>\t\t\t\t<\/div>\n\t\t\t\t<\/div>\n\t\t\t\t<div class=\"elementor-element elementor-element-74ab075 elementor-widget__width-initial elementor-widget elementor-widget-text-editor\" data-id=\"74ab075\" data-element_type=\"widget\" data-e-type=\"widget\" data-widget_type=\"text-editor.default\">\n\t\t\t\t<div class=\"elementor-widget-container\">\n\t\t\t\t\t\t\t\t\t<p><span data-sheets-root=\"1\">GatesofOlympus77.com&#039;da geri bildirimleriniz \u00e7ok de\u011ferlidir. Bir sorunuz, bir \u00f6neriniz veya sadece d\u00fc\u015f\u00fcncelerinizi payla\u015fmak istemeniz fark etmeksizin, sizi dinlemek i\u00e7in buraday\u0131z. Girdiniz, platformu geli\u015ftirmemize ve kullan\u0131c\u0131lar\u0131m\u0131z i\u00e7in en iyi deneyimi sa\u011flamam\u0131za yard\u0131mc\u0131 olmakta \u00f6nemli bir rol oynar.<br \/><br \/>Siteyi geli\u015ftirmek veya yeni \u00f6zellikler sunmak i\u00e7in herhangi bir fikriniz varsa, sizden haber almak isteriz. Ekibimiz platformu daha iyi hale getirmek ve size en iyi oyun bilgilerini sa\u011flamak i\u00e7in s\u00fcrekli olarak \u00e7al\u0131\u015fmaktad\u0131r.<\/span><\/p>\t\t\t\t\t\t\t\t<\/div>\n\t\t\t\t<\/div>\n\t\t\t\t\t<\/div>\n\t\t\t\t<\/div>\n\t\t<div class=\"elementor-element elementor-element-e879a99 e-flex e-con-boxed e-con e-parent\" data-id=\"e879a99\" data-element_type=\"container\" data-e-type=\"container\">\n\t\t\t\t\t<div class=\"e-con-inner\">\n\t\t\t\t<div class=\"elementor-element elementor-element-94b3791 elementor-widget elementor-widget-heading\" data-id=\"94b3791\" data-element_type=\"widget\" data-e-type=\"widget\" data-widget_type=\"heading.default\">\n\t\t\t\t<div class=\"elementor-widget-container\">\n\t\t\t\t\t<h2 class=\"elementor-heading-title elementor-size-default\">\u0130leti\u015fim Bilgileri<\/h2>\t\t\t\t<\/div>\n\t\t\t\t<\/div>\n\t\t\t\t<div class=\"elementor-element elementor-element-d91f554 elementor-widget__width-initial elementor-widget elementor-widget-text-editor\" data-id=\"d91f554\" data-element_type=\"widget\" data-e-type=\"widget\" data-widget_type=\"text-editor.default\">\n\t\t\t\t<div class=\"elementor-widget-container\">\n\t\t\t\t\t\t\t\t\t<p><span data-sheets-root=\"1\">Herhangi bir sorunuz varsa, support@gatesofolympus77.com adresinden e-posta yoluyla bize ula\u015fmaktan \u00e7ekinmeyin. Her mesaja derhal yan\u0131t vermeye \u00e7al\u0131\u015f\u0131yoruz.<br \/><br \/>GatesofOlympus77.com&#039;u ziyaret etti\u011finiz i\u00e7in te\u015fekk\u00fcr ederiz! Bizimle ileti\u015fime ge\u00e7mekten \u00e7ekinmeyin; d\u00fc\u015f\u00fcnceleriniz ve geri bildirimleriniz her zaman takdir edilir!<\/span><\/p>\t\t\t\t\t\t\t\t<\/div>\n\t\t\t\t<\/div>\n\t\t\t\t\t<\/div>\n\t\t\t\t<\/div>\n\t\t<div class=\"elementor-element elementor-element-f22db83 e-flex e-con-boxed e-con e-parent\" data-id=\"f22db83\" data-element_type=\"container\" data-e-type=\"container\">\n\t\t\t\t\t<div class=\"e-con-inner\">\n\t\t\t\t<div class=\"elementor-element elementor-element-b19fcac elementor-widget elementor-widget-shortcode\" data-id=\"b19fcac\" data-element_type=\"widget\" data-e-type=\"widget\" data-widget_type=\"shortcode.default\">\n\t\t\t\t<div class=\"elementor-widget-container\">\n\t\t\t\t\t\t\t<div class=\"elementor-shortcode\"><div class='fluentform ff-default fluentform_wrapper_2 ffs_default_wrap'><form data-form_id=\"2\" id=\"fluentform_2\" class=\"frm-fluent-form fluent_form_2 ff-el-form-top ff_form_instance_2_1 ff-form-loading ffs_default\" data-form_instance=\"ff_form_instance_2_1\" method=\"POST\" action=\"\" ><fieldset  style=\"border: none!important;margin: 0!important;padding: 0!important;background-color: transparent!important;box-shadow: none!important;outline: none!important; min-inline-size: 100%;\">\n                    <legend class=\"ff_screen_reader_title\" style=\"display: block; margin: 0!important;padding: 0!important;height: 0!important;text-indent: -999999px;width: 0!important;overflow:hidden;\">\u0130leti\u015fim Formu Demosu (#2)<\/legend><input type='hidden' name='__fluent_form_embded_post_id' value='1569' \/><input type=\"hidden\" id=\"_fluentform_2_fluentformnonce\" name=\"_fluentform_2_fluentformnonce\" value=\"e6a60db28c\" \/><input type=\"hidden\" name=\"_wp_http_referer\" value=\"\/tr\/wp-json\/wp\/v2\/pages\/1569\" \/><div data-type=\"name-element\" data-name=\"names\" class=\"ff-field_container ff-name-field-wrapper\" ><div class='ff-t-container'><div class='ff-t-cell'><div class='ff-el-group  ff-el-form-top'><div class=\"ff-el-input--label asterisk-right\"><label for='ff_2_names_first_name_' id='label_ff_2_names_first_name_' >\u0130lk ad\u0131<\/label><\/div><div class='ff-el-input--content'><input type=\"text\" name=\"names[first_name]\" id=\"ff_2_names_first_name_\" class=\"ff-el-form-control\" placeholder=\"\u0130lk ad\u0131\" aria-invalid=\"false\" aria-required=\"false\"><\/div><\/div><\/div><div class='ff-t-cell'><div class='ff-el-group  ff-el-form-top'><div class=\"ff-el-input--label asterisk-right\"><label for='ff_2_names_last_name_' id='label_ff_2_names_last_name_' >Soy isim<\/label><\/div><div class='ff-el-input--content'><input type=\"text\" name=\"names[last_name]\" id=\"ff_2_names_last_name_\" class=\"ff-el-form-control\" placeholder=\"Soy isim\" aria-invalid=\"false\" aria-required=\"false\"><\/div><\/div><\/div><\/div><\/div><div class='ff-el-group'><div class=\"ff-el-input--label ff-el-is-required asterisk-right\"><label for='ff_2_email' id='label_ff_2_email' aria-label=\"E-posta\">E-posta<\/label><\/div><div class='ff-el-input--content'><input type=\"email\" name=\"email\" id=\"ff_2_email\" class=\"ff-el-form-control\" placeholder=\"E-posta Adresi\" data-name=\"email\"  aria-invalid=\"false\" aria-required=\"true\"><\/div><\/div><div class='ff-el-group'><div class=\"ff-el-input--label ff-el-is-required asterisk-right\"><label for='ff_2_message' id='label_ff_2_message' aria-label=\"Mesaj\u0131n\u0131z\">Mesaj\u0131n\u0131z<\/label><\/div><div class='ff-el-input--content'><textarea aria-required=\"true\" aria-labelledby=\"label_ff_2_message\" name=\"message\" id=\"ff_2_message\" class=\"ff-el-form-control\" placeholder=\"Mesaj\u0131n\u0131z\" rows=\"4\" cols=\"2\" data-name=\"message\" ><\/textarea><\/div><\/div><div class='ff-el-group ff-text-left ff_submit_btn_wrapper'><button type=\"submit\" class=\"ff-btn ff-btn-submit ff-btn-md ff_btn_style wpf_has_custom_css\"  aria-label=\"Bize Ula\u015f\u0131n\">Bize Ula\u015f\u0131n<\/button><\/div><\/fieldset><input type=\"hidden\" name=\"trp-form-language\" value=\"tr\"\/><\/form><div id='fluentform_2_errors' class='ff-errors-in-stack ff_form_instance_2_1 ff-form-loading_errors ff_form_instance_2_1_errors'><\/div><\/div>            <script type=\"text\/javascript\">\n                window.fluent_form_ff_form_instance_2_1 = {\"id\":\"2\",\"settings\":{\"layout\":{\"labelPlacement\":\"top\",\"helpMessagePlacement\":\"with_label\",\"errorMessagePlacement\":\"inline\",\"cssClassName\":\"\",\"asteriskPlacement\":\"asterisk-right\"},\"restrictions\":{\"denyEmptySubmission\":{\"enabled\":false}}},\"form_instance\":\"ff_form_instance_2_1\",\"form_id_selector\":\"fluentform_2\",\"rules\":{\"names[first_name]\":{\"required\":{\"value\":false,\"message\":\"This field is required\",\"global\":true,\"global_message\":\"This field is required\"}},\"names[middle_name]\":{\"required\":{\"value\":false,\"message\":\"This field is required\",\"global\":true,\"global_message\":\"This field is required\"}},\"names[last_name]\":{\"required\":{\"value\":false,\"message\":\"This field is required\",\"global\":true,\"global_message\":\"This field is required\"}},\"email\":{\"required\":{\"value\":true,\"message\":\"This field is required\",\"global\":true,\"global_message\":\"This field is required\"},\"email\":{\"value\":true,\"message\":\"This field must contain a valid email\",\"global\":true,\"global_message\":\"This field must contain a valid email\"}},\"message\":{\"required\":{\"value\":true,\"message\":\"This field is required\",\"global\":true,\"global_message\":\"This field is required\"}}},\"debounce_time\":300};\n                            <\/script>\n            <\/div>\n\t\t\t\t\t\t<\/div>\n\t\t\t\t<\/div>\n\t\t\t\t\t<\/div>\n\t\t\t\t<\/div>\n\t\t\t\t<\/div>","protected":false},"excerpt":{"rendered":"<p>\u0130leti\u015fime Ge\u00e7in GatesofOlympus77.com&#039;da geri bildirimleriniz bizim i\u00e7in \u00e7ok de\u011ferli. \u0130ster bir sorunuz, ister bir \u00f6neriniz olsun, ister sadece d\u00fc\u015f\u00fcncelerinizi payla\u015fmak isteyin, sizi dinlemek i\u00e7in buraday\u0131z. G\u00f6r\u00fc\u015fleriniz, platformu geli\u015ftirmemize ve kullan\u0131c\u0131lar\u0131m\u0131z i\u00e7in en iyi deneyimi sa\u011flamam\u0131za yard\u0131mc\u0131 olmada \u00f6nemli bir rol oynuyor. [\u2026]<\/p>","protected":false},"author":1,"featured_media":1485,"parent":0,"menu_order":0,"comment_status":"closed","ping_status":"closed","template":"","meta":{"footnotes":""},"class_list":["post-1569","page","type-page","status-publish","has-post-thumbnail","hentry"],"blocksy_meta":{"has_hero_section":"disabled","styles_descriptor":{"styles":{"desktop":"","tablet":"","mobile":""},"google_fonts":[],"version":6}},"yoast_head":"<!-- This site is optimized with the Yoast SEO plugin v27.4 - https:\/\/yoast.com\/product\/yoast-seo-wordpress\/ -->\n<title>Contact Us - Gates of Olympus 77<\/title>\n<meta name=\"robots\" content=\"index, follow, max-snippet:-1, max-image-preview:large, max-video-preview:-1\" \/>\n<link rel=\"canonical\" href=\"https:\/\/gatesofolympus77.com\/tr\/contact-us\/\" \/>\n<meta property=\"og:locale\" content=\"tr_TR\" \/>\n<meta property=\"og:type\" content=\"article\" \/>\n<meta property=\"og:title\" content=\"Contact Us - Gates of Olympus 77\" \/>\n<meta property=\"og:description\" content=\"Get in Touch At GatesofOlympus77.com, your feedback is highly valued. Whether you have a question, a suggestion, or simply want to share your thoughts, we\u2019re here to listen. Your input plays a crucial role in helping us enhance the platform and ensure the best experience for our users. If you have any ideas for improving [&hellip;]\" \/>\n<meta property=\"og:url\" content=\"https:\/\/gatesofolympus77.com\/tr\/contact-us\/\" \/>\n<meta property=\"og:site_name\" content=\"Gates of Olympus 77\" \/>\n<meta property=\"article:modified_time\" content=\"2024-09-25T08:44:30+00:00\" \/>\n<meta property=\"og:image\" content=\"https:\/\/gatesofolympus77.com\/wp-content\/uploads\/2024\/09\/Gates-of-Olympus-pragmatic-play-1024x1024-1-min.jpg\" \/>\n\t<meta property=\"og:image:width\" content=\"1024\" \/>\n\t<meta property=\"og:image:height\" content=\"1024\" \/>\n\t<meta property=\"og:image:type\" content=\"image\/jpeg\" \/>\n<meta name=\"twitter:card\" content=\"summary_large_image\" \/>\n<meta name=\"twitter:label1\" content=\"Tahmini okuma s\u00fcresi\" \/>\n\t<meta name=\"twitter:data1\" content=\"1 dakika\" \/>\n<script type=\"application\/ld+json\" class=\"yoast-schema-graph\">{\"@context\":\"https:\\\/\\\/schema.org\",\"@graph\":[{\"@type\":\"WebPage\",\"@id\":\"https:\\\/\\\/gatesofolympus77.com\\\/contact-us\\\/\",\"url\":\"https:\\\/\\\/gatesofolympus77.com\\\/contact-us\\\/\",\"name\":\"Contact Us - Gates of Olympus 77\",\"isPartOf\":{\"@id\":\"https:\\\/\\\/gatesofolympus77.com\\\/#website\"},\"primaryImageOfPage\":{\"@id\":\"https:\\\/\\\/gatesofolympus77.com\\\/contact-us\\\/#primaryimage\"},\"image\":{\"@id\":\"https:\\\/\\\/gatesofolympus77.com\\\/contact-us\\\/#primaryimage\"},\"thumbnailUrl\":\"https:\\\/\\\/gatesofolympus77.com\\\/wp-content\\\/uploads\\\/2024\\\/09\\\/Gates-of-Olympus-pragmatic-play-1024x1024-1-min.jpg\",\"datePublished\":\"2024-09-25T08:36:56+00:00\",\"dateModified\":\"2024-09-25T08:44:30+00:00\",\"breadcrumb\":{\"@id\":\"https:\\\/\\\/gatesofolympus77.com\\\/contact-us\\\/#breadcrumb\"},\"inLanguage\":\"tr\",\"potentialAction\":[{\"@type\":\"ReadAction\",\"target\":[\"https:\\\/\\\/gatesofolympus77.com\\\/contact-us\\\/\"]}]},{\"@type\":\"ImageObject\",\"inLanguage\":\"tr\",\"@id\":\"https:\\\/\\\/gatesofolympus77.com\\\/contact-us\\\/#primaryimage\",\"url\":\"https:\\\/\\\/gatesofolympus77.com\\\/wp-content\\\/uploads\\\/2024\\\/09\\\/Gates-of-Olympus-pragmatic-play-1024x1024-1-min.jpg\",\"contentUrl\":\"https:\\\/\\\/gatesofolympus77.com\\\/wp-content\\\/uploads\\\/2024\\\/09\\\/Gates-of-Olympus-pragmatic-play-1024x1024-1-min.jpg\",\"width\":1024,\"height\":1024},{\"@type\":\"BreadcrumbList\",\"@id\":\"https:\\\/\\\/gatesofolympus77.com\\\/contact-us\\\/#breadcrumb\",\"itemListElement\":[{\"@type\":\"ListItem\",\"position\":1,\"name\":\"Home\",\"item\":\"https:\\\/\\\/gatesofolympus77.com\\\/\"},{\"@type\":\"ListItem\",\"position\":2,\"name\":\"Contact Us\"}]},{\"@type\":\"WebSite\",\"@id\":\"https:\\\/\\\/gatesofolympus77.com\\\/#website\",\"url\":\"https:\\\/\\\/gatesofolympus77.com\\\/\",\"name\":\"Gates of Olympus 77\",\"description\":\"My WordPress Blog\",\"publisher\":{\"@id\":\"https:\\\/\\\/gatesofolympus77.com\\\/#organization\"},\"potentialAction\":[{\"@type\":\"SearchAction\",\"target\":{\"@type\":\"EntryPoint\",\"urlTemplate\":\"https:\\\/\\\/gatesofolympus77.com\\\/?s={search_term_string}\"},\"query-input\":{\"@type\":\"PropertyValueSpecification\",\"valueRequired\":true,\"valueName\":\"search_term_string\"}}],\"inLanguage\":\"tr\"},{\"@type\":\"Organization\",\"@id\":\"https:\\\/\\\/gatesofolympus77.com\\\/#organization\",\"name\":\"Gates of Olympus 77\",\"url\":\"https:\\\/\\\/gatesofolympus77.com\\\/\",\"logo\":{\"@type\":\"ImageObject\",\"inLanguage\":\"tr\",\"@id\":\"https:\\\/\\\/gatesofolympus77.com\\\/#\\\/schema\\\/logo\\\/image\\\/\",\"url\":\"https:\\\/\\\/gatesofolympus77.com\\\/wp-content\\\/uploads\\\/2024\\\/09\\\/c5dd7ce0-2b9e-41d1-b806-28071ad75f1f-min.png\",\"contentUrl\":\"https:\\\/\\\/gatesofolympus77.com\\\/wp-content\\\/uploads\\\/2024\\\/09\\\/c5dd7ce0-2b9e-41d1-b806-28071ad75f1f-min.png\",\"width\":751,\"height\":409,\"caption\":\"Gates of Olympus 77\"},\"image\":{\"@id\":\"https:\\\/\\\/gatesofolympus77.com\\\/#\\\/schema\\\/logo\\\/image\\\/\"}}]}<\/script>\n<!-- \/ Yoast SEO plugin. -->","yoast_head_json":{"title":"Contact Us - Gates of Olympus 77","robots":{"index":"index","follow":"follow","max-snippet":"max-snippet:-1","max-image-preview":"max-image-preview:large","max-video-preview":"max-video-preview:-1"},"canonical":"https:\/\/gatesofolympus77.com\/tr\/contact-us\/","og_locale":"tr_TR","og_type":"article","og_title":"Contact Us - Gates of Olympus 77","og_description":"Get in Touch At GatesofOlympus77.com, your feedback is highly valued. Whether you have a question, a suggestion, or simply want to share your thoughts, we\u2019re here to listen. Your input plays a crucial role in helping us enhance the platform and ensure the best experience for our users. If you have any ideas for improving [&hellip;]","og_url":"https:\/\/gatesofolympus77.com\/tr\/contact-us\/","og_site_name":"Gates of Olympus 77","article_modified_time":"2024-09-25T08:44:30+00:00","og_image":[{"width":1024,"height":1024,"url":"https:\/\/gatesofolympus77.com\/wp-content\/uploads\/2024\/09\/Gates-of-Olympus-pragmatic-play-1024x1024-1-min.jpg","type":"image\/jpeg"}],"twitter_card":"summary_large_image","twitter_misc":{"Tahmini okuma s\u00fcresi":"1 dakika"},"schema":{"@context":"https:\/\/schema.org","@graph":[{"@type":"WebPage","@id":"https:\/\/gatesofolympus77.com\/contact-us\/","url":"https:\/\/gatesofolympus77.com\/contact-us\/","name":"Contact Us - Gates of Olympus 77","isPartOf":{"@id":"https:\/\/gatesofolympus77.com\/#website"},"primaryImageOfPage":{"@id":"https:\/\/gatesofolympus77.com\/contact-us\/#primaryimage"},"image":{"@id":"https:\/\/gatesofolympus77.com\/contact-us\/#primaryimage"},"thumbnailUrl":"https:\/\/gatesofolympus77.com\/wp-content\/uploads\/2024\/09\/Gates-of-Olympus-pragmatic-play-1024x1024-1-min.jpg","datePublished":"2024-09-25T08:36:56+00:00","dateModified":"2024-09-25T08:44:30+00:00","breadcrumb":{"@id":"https:\/\/gatesofolympus77.com\/contact-us\/#breadcrumb"},"inLanguage":"tr","potentialAction":[{"@type":"ReadAction","target":["https:\/\/gatesofolympus77.com\/contact-us\/"]}]},{"@type":"ImageObject","inLanguage":"tr","@id":"https:\/\/gatesofolympus77.com\/contact-us\/#primaryimage","url":"https:\/\/gatesofolympus77.com\/wp-content\/uploads\/2024\/09\/Gates-of-Olympus-pragmatic-play-1024x1024-1-min.jpg","contentUrl":"https:\/\/gatesofolympus77.com\/wp-content\/uploads\/2024\/09\/Gates-of-Olympus-pragmatic-play-1024x1024-1-min.jpg","width":1024,"height":1024},{"@type":"BreadcrumbList","@id":"https:\/\/gatesofolympus77.com\/contact-us\/#breadcrumb","itemListElement":[{"@type":"ListItem","position":1,"name":"Home","item":"https:\/\/gatesofolympus77.com\/"},{"@type":"ListItem","position":2,"name":"Contact Us"}]},{"@type":"WebSite","@id":"https:\/\/gatesofolympus77.com\/#website","url":"https:\/\/gatesofolympus77.com\/","name":"Gates of Olympus 77","description":"My WordPress Blog","publisher":{"@id":"https:\/\/gatesofolympus77.com\/#organization"},"potentialAction":[{"@type":"SearchAction","target":{"@type":"EntryPoint","urlTemplate":"https:\/\/gatesofolympus77.com\/?s={search_term_string}"},"query-input":{"@type":"PropertyValueSpecification","valueRequired":true,"valueName":"search_term_string"}}],"inLanguage":"tr"},{"@type":"Organization","@id":"https:\/\/gatesofolympus77.com\/#organization","name":"Gates of Olympus 77","url":"https:\/\/gatesofolympus77.com\/","logo":{"@type":"ImageObject","inLanguage":"tr","@id":"https:\/\/gatesofolympus77.com\/#\/schema\/logo\/image\/","url":"https:\/\/gatesofolympus77.com\/wp-content\/uploads\/2024\/09\/c5dd7ce0-2b9e-41d1-b806-28071ad75f1f-min.png","contentUrl":"https:\/\/gatesofolympus77.com\/wp-content\/uploads\/2024\/09\/c5dd7ce0-2b9e-41d1-b806-28071ad75f1f-min.png","width":751,"height":409,"caption":"Gates of Olympus 77"},"image":{"@id":"https:\/\/gatesofolympus77.com\/#\/schema\/logo\/image\/"}}]}},"_links":{"self":[{"href":"https:\/\/gatesofolympus77.com\/tr\/wp-json\/wp\/v2\/pages\/1569","targetHints":{"allow":["GET"]}}],"collection":[{"href":"https:\/\/gatesofolympus77.com\/tr\/wp-json\/wp\/v2\/pages"}],"about":[{"href":"https:\/\/gatesofolympus77.com\/tr\/wp-json\/wp\/v2\/types\/page"}],"author":[{"embeddable":true,"href":"https:\/\/gatesofolympus77.com\/tr\/wp-json\/wp\/v2\/users\/1"}],"replies":[{"embeddable":true,"href":"https:\/\/gatesofolympus77.com\/tr\/wp-json\/wp\/v2\/comments?post=1569"}],"version-history":[{"count":0,"href":"https:\/\/gatesofolympus77.com\/tr\/wp-json\/wp\/v2\/pages\/1569\/revisions"}],"wp:featuredmedia":[{"embeddable":true,"href":"https:\/\/gatesofolympus77.com\/tr\/wp-json\/wp\/v2\/media\/1485"}],"wp:attachment":[{"href":"https:\/\/gatesofolympus77.com\/tr\/wp-json\/wp\/v2\/media?parent=1569"}],"curies":[{"name":"wp","href":"https:\/\/api.w.org\/{rel}","templated":true}]}}